{"id":1469,"date":"2026-01-13T14:39:37","date_gmt":"2026-01-13T12:39:37","guid":{"rendered":"https:\/\/3dtehas.ee\/?post_type=product&#038;p=1469"},"modified":"2026-01-13T14:39:37","modified_gmt":"2026-01-13T12:39:37","slug":"laelamp","status":"publish","type":"product","link":"https:\/\/3dtehas.ee\/?product=laelamp","title":{"rendered":"Laelamp"},"content":{"rendered":"<p>Valgusta oma ruumi betoonist\u00a0 lae spot-valgusega, mis on ideaalne segu moodsa disaini ja t\u00f6\u00f6stusliku stiili vahel. See ainulaadne lamp omab geomeetrilist kuju ja on saadaval kahes stiilses mattv\u00e4rvitoonis: valge ja hall. \u00d5hukesest betoonist valmistatud lamp paistab silma elegantse ja minimalistliku v\u00e4limusega. Lampi paigaldamine n\u00f5uab hoolikat k\u00e4sitlemist, sarnaselt keraamikaga. Palun arvestage, et tootes v\u00f5ivad esineda v\u00e4ikesed \u00f5humullid ja v\u00e4rvimuutused, mis annavad sellele isikup\u00e4ra (palun uurige toote pilte hoolikalt). Ideaalne kaasaegsetesse interj\u00f6\u00f6ridesse.<\/p>\n","protected":false},"excerpt":{"rendered":"<p>Valgusta oma ruumi betoonist\u00a0 lae spot-valgusega, mis on ideaalne segu moodsa disaini ja t\u00f6\u00f6stusliku stiili vahel. See ainulaadne lamp omab geomeetrilist kuju ja on saadaval kahes stiilses mattv\u00e4rvitoonis: valge ja hall. \u00d5hukesest betoonist valmistatud lamp paistab silma elegantse ja minimalistliku v\u00e4limusega. Lampi paigaldamine n\u00f5uab hoolikat k\u00e4sitlemist, sarnaselt keraamikaga. Palun arvestage, et tootes v\u00f5ivad esineda v\u00e4ikesed [&hellip;]<\/p>\n","protected":false},"featured_media":1472,"comment_status":"open","ping_status":"closed","template":"","meta":{"site-sidebar-layout":"default","site-content-layout":"","ast-site-content-layout":"default","site-content-style":"default","site-sidebar-style":"default","ast-global-header-display":"","ast-banner-title-visibility":"","ast-main-header-display":"","ast-hfb-above-header-display":"","ast-hfb-below-header-display":"","ast-hfb-mobile-header-display":"","site-post-title":"","ast-breadcrumbs-content":"","ast-featured-img":"","footer-sml-layout":"","ast-disable-related-posts":"","theme-transparent-header-meta":"default","adv-header-id-meta":"","stick-header-meta":"","header-above-stick-meta":"","header-main-stick-meta":"","header-below-stick-meta":"","astra-migrate-meta-layouts":"set","ast-page-background-enabled":"default","ast-page-background-meta":{"desktop":{"background-color":"","background-image":"","background-repeat":"repeat","background-position":"center center","background-size":"auto","background-attachment":"scroll","background-type":"","background-media":"","overlay-type":"","overlay-color":"","overlay-opacity":"","overlay-gradient":""},"tablet":{"background-color":"","background-image":"","background-repeat":"repeat","background-position":"center center","background-size":"auto","background-attachment":"scroll","background-type":"","background-media":"","overlay-type":"","overlay-color":"","overlay-opacity":"","overlay-gradient":""},"mobile":{"background-color":"","background-image":"","background-repeat":"repeat","background-position":"center center","background-size":"auto","background-attachment":"scroll","background-type":"","background-media":"","overlay-type":"","overlay-color":"","overlay-opacity":"","overlay-gradient":""}},"ast-content-background-meta":{"desktop":{"background-color":"var(--ast-global-color-5)","background-image":"","background-repeat":"repeat","background-position":"center center","background-size":"auto","background-attachment":"scroll","background-type":"","background-media":"","overlay-type":"","overlay-color":"","overlay-opacity":"","overlay-gradient":""},"tablet":{"background-color":"var(--ast-global-color-5)","background-image":"","background-repeat":"repeat","background-position":"center center","background-size":"auto","background-attachment":"scroll","background-type":"","background-media":"","overlay-type":"","overlay-color":"","overlay-opacity":"","overlay-gradient":""},"mobile":{"background-color":"var(--ast-global-color-5)","background-image":"","background-repeat":"repeat","background-position":"center center","background-size":"auto","background-attachment":"scroll","background-type":"","background-media":"","overlay-type":"","overlay-color":"","overlay-opacity":"","overlay-gradient":""}}},"product_brand":[],"product_cat":[31],"product_tag":[],"class_list":{"0":"post-1469","1":"product","2":"type-product","3":"status-publish","4":"has-post-thumbnail","6":"product_cat-maaramata","7":"desktop-align-center","8":"tablet-align-left","9":"mobile-align-left","11":"first","12":"instock","13":"shipping-taxable","14":"purchasable","15":"product-type-variable"},"yoast_head":"<!-- This site is optimized with the Yoast SEO plugin v27.3 - https:\/\/yoast.com\/product\/yoast-seo-wordpress\/ -->\n<title>Laelamp - 3D Tehas<\/title>\n<meta name=\"robots\" content=\"index, follow, max-snippet:-1, max-image-preview:large, max-video-preview:-1\" \/>\n<link rel=\"canonical\" href=\"https:\/\/3dtehas.ee\/?product=laelamp\" \/>\n<meta property=\"og:locale\" content=\"et_EE\" \/>\n<meta property=\"og:type\" content=\"article\" \/>\n<meta property=\"og:title\" content=\"Laelamp - 3D Tehas\" \/>\n<meta property=\"og:description\" content=\"Valgusta oma ruumi betoonist\u00a0 lae spot-valgusega, mis on ideaalne segu moodsa disaini ja t\u00f6\u00f6stusliku stiili vahel. See ainulaadne lamp omab geomeetrilist kuju ja on saadaval kahes stiilses mattv\u00e4rvitoonis: valge ja hall. \u00d5hukesest betoonist valmistatud lamp paistab silma elegantse ja minimalistliku v\u00e4limusega. Lampi paigaldamine n\u00f5uab hoolikat k\u00e4sitlemist, sarnaselt keraamikaga. Palun arvestage, et tootes v\u00f5ivad esineda v\u00e4ikesed [&hellip;]\" \/>\n<meta property=\"og:url\" content=\"https:\/\/3dtehas.ee\/?product=laelamp\" \/>\n<meta property=\"og:site_name\" content=\"3D Tehas\" \/>\n<meta property=\"article:publisher\" content=\"https:\/\/www.facebook.com\/profile.php?id=61572487220835\" \/>\n<meta property=\"og:image\" content=\"https:\/\/3dtehas.ee\/wp-content\/uploads\/2026\/01\/IMG_9423-scaled.jpg\" \/>\n\t<meta property=\"og:image:width\" content=\"2048\" \/>\n\t<meta property=\"og:image:height\" content=\"2560\" \/>\n\t<meta property=\"og:image:type\" content=\"image\/jpeg\" \/>\n<meta name=\"twitter:card\" content=\"summary_large_image\" \/>\n<meta name=\"twitter:label1\" content=\"Est. reading time\" \/>\n\t<meta name=\"twitter:data1\" content=\"1 minut\" \/>\n<script type=\"application\/ld+json\" class=\"yoast-schema-graph\">{\"@context\":\"https:\\\/\\\/schema.org\",\"@graph\":[{\"@type\":\"WebPage\",\"@id\":\"https:\\\/\\\/3dtehas.ee\\\/?product=laelamp\",\"url\":\"https:\\\/\\\/3dtehas.ee\\\/?product=laelamp\",\"name\":\"Laelamp - 3D Tehas\",\"isPartOf\":{\"@id\":\"https:\\\/\\\/3dtehas.ee\\\/#website\"},\"primaryImageOfPage\":{\"@id\":\"https:\\\/\\\/3dtehas.ee\\\/?product=laelamp#primaryimage\"},\"image\":{\"@id\":\"https:\\\/\\\/3dtehas.ee\\\/?product=laelamp#primaryimage\"},\"thumbnailUrl\":\"https:\\\/\\\/3dtehas.ee\\\/wp-content\\\/uploads\\\/2026\\\/01\\\/IMG_9423-scaled.jpg\",\"datePublished\":\"2026-01-13T12:39:37+00:00\",\"breadcrumb\":{\"@id\":\"https:\\\/\\\/3dtehas.ee\\\/?product=laelamp#breadcrumb\"},\"inLanguage\":\"et\",\"potentialAction\":[{\"@type\":\"ReadAction\",\"target\":[\"https:\\\/\\\/3dtehas.ee\\\/?product=laelamp\"]}]},{\"@type\":\"ImageObject\",\"inLanguage\":\"et\",\"@id\":\"https:\\\/\\\/3dtehas.ee\\\/?product=laelamp#primaryimage\",\"url\":\"https:\\\/\\\/3dtehas.ee\\\/wp-content\\\/uploads\\\/2026\\\/01\\\/IMG_9423-scaled.jpg\",\"contentUrl\":\"https:\\\/\\\/3dtehas.ee\\\/wp-content\\\/uploads\\\/2026\\\/01\\\/IMG_9423-scaled.jpg\",\"width\":2048,\"height\":2560},{\"@type\":\"BreadcrumbList\",\"@id\":\"https:\\\/\\\/3dtehas.ee\\\/?product=laelamp#breadcrumb\",\"itemListElement\":[{\"@type\":\"ListItem\",\"position\":1,\"name\":\"Home\",\"item\":\"https:\\\/\\\/3dtehas.ee\\\/\"},{\"@type\":\"ListItem\",\"position\":2,\"name\":\"Pood\",\"item\":\"https:\\\/\\\/3dtehas.ee\\\/?page_id=1295\"},{\"@type\":\"ListItem\",\"position\":3,\"name\":\"Laelamp\"}]},{\"@type\":\"WebSite\",\"@id\":\"https:\\\/\\\/3dtehas.ee\\\/#website\",\"url\":\"https:\\\/\\\/3dtehas.ee\\\/\",\"name\":\"3D Tehas\",\"description\":\"3D printimine\",\"publisher\":{\"@id\":\"https:\\\/\\\/3dtehas.ee\\\/#organization\"},\"potentialAction\":[{\"@type\":\"SearchAction\",\"target\":{\"@type\":\"EntryPoint\",\"urlTemplate\":\"https:\\\/\\\/3dtehas.ee\\\/?s={search_term_string}\"},\"query-input\":{\"@type\":\"PropertyValueSpecification\",\"valueRequired\":true,\"valueName\":\"search_term_string\"}}],\"inLanguage\":\"et\"},{\"@type\":\"Organization\",\"@id\":\"https:\\\/\\\/3dtehas.ee\\\/#organization\",\"name\":\"3D Tehas\",\"url\":\"https:\\\/\\\/3dtehas.ee\\\/\",\"logo\":{\"@type\":\"ImageObject\",\"inLanguage\":\"et\",\"@id\":\"https:\\\/\\\/3dtehas.ee\\\/#\\\/schema\\\/logo\\\/image\\\/\",\"url\":\"https:\\\/\\\/3dtehas.ee\\\/wp-content\\\/uploads\\\/2025\\\/01\\\/facebook-logo.jpg\",\"contentUrl\":\"https:\\\/\\\/3dtehas.ee\\\/wp-content\\\/uploads\\\/2025\\\/01\\\/facebook-logo.jpg\",\"width\":219,\"height\":147,\"caption\":\"3D Tehas\"},\"image\":{\"@id\":\"https:\\\/\\\/3dtehas.ee\\\/#\\\/schema\\\/logo\\\/image\\\/\"},\"sameAs\":[\"https:\\\/\\\/www.facebook.com\\\/profile.php?id=61572487220835\"]}]}<\/script>\n<!-- \/ Yoast SEO plugin. -->","yoast_head_json":{"title":"Laelamp - 3D Tehas","robots":{"index":"index","follow":"follow","max-snippet":"max-snippet:-1","max-image-preview":"max-image-preview:large","max-video-preview":"max-video-preview:-1"},"canonical":"https:\/\/3dtehas.ee\/?product=laelamp","og_locale":"et_EE","og_type":"article","og_title":"Laelamp - 3D Tehas","og_description":"Valgusta oma ruumi betoonist\u00a0 lae spot-valgusega, mis on ideaalne segu moodsa disaini ja t\u00f6\u00f6stusliku stiili vahel. See ainulaadne lamp omab geomeetrilist kuju ja on saadaval kahes stiilses mattv\u00e4rvitoonis: valge ja hall. \u00d5hukesest betoonist valmistatud lamp paistab silma elegantse ja minimalistliku v\u00e4limusega. Lampi paigaldamine n\u00f5uab hoolikat k\u00e4sitlemist, sarnaselt keraamikaga. Palun arvestage, et tootes v\u00f5ivad esineda v\u00e4ikesed [&hellip;]","og_url":"https:\/\/3dtehas.ee\/?product=laelamp","og_site_name":"3D Tehas","article_publisher":"https:\/\/www.facebook.com\/profile.php?id=61572487220835","og_image":[{"width":2048,"height":2560,"url":"https:\/\/3dtehas.ee\/wp-content\/uploads\/2026\/01\/IMG_9423-scaled.jpg","type":"image\/jpeg"}],"twitter_card":"summary_large_image","twitter_misc":{"Est. reading time":"1 minut"},"schema":{"@context":"https:\/\/schema.org","@graph":[{"@type":"WebPage","@id":"https:\/\/3dtehas.ee\/?product=laelamp","url":"https:\/\/3dtehas.ee\/?product=laelamp","name":"Laelamp - 3D Tehas","isPartOf":{"@id":"https:\/\/3dtehas.ee\/#website"},"primaryImageOfPage":{"@id":"https:\/\/3dtehas.ee\/?product=laelamp#primaryimage"},"image":{"@id":"https:\/\/3dtehas.ee\/?product=laelamp#primaryimage"},"thumbnailUrl":"https:\/\/3dtehas.ee\/wp-content\/uploads\/2026\/01\/IMG_9423-scaled.jpg","datePublished":"2026-01-13T12:39:37+00:00","breadcrumb":{"@id":"https:\/\/3dtehas.ee\/?product=laelamp#breadcrumb"},"inLanguage":"et","potentialAction":[{"@type":"ReadAction","target":["https:\/\/3dtehas.ee\/?product=laelamp"]}]},{"@type":"ImageObject","inLanguage":"et","@id":"https:\/\/3dtehas.ee\/?product=laelamp#primaryimage","url":"https:\/\/3dtehas.ee\/wp-content\/uploads\/2026\/01\/IMG_9423-scaled.jpg","contentUrl":"https:\/\/3dtehas.ee\/wp-content\/uploads\/2026\/01\/IMG_9423-scaled.jpg","width":2048,"height":2560},{"@type":"BreadcrumbList","@id":"https:\/\/3dtehas.ee\/?product=laelamp#breadcrumb","itemListElement":[{"@type":"ListItem","position":1,"name":"Home","item":"https:\/\/3dtehas.ee\/"},{"@type":"ListItem","position":2,"name":"Pood","item":"https:\/\/3dtehas.ee\/?page_id=1295"},{"@type":"ListItem","position":3,"name":"Laelamp"}]},{"@type":"WebSite","@id":"https:\/\/3dtehas.ee\/#website","url":"https:\/\/3dtehas.ee\/","name":"3D Tehas","description":"3D printimine","publisher":{"@id":"https:\/\/3dtehas.ee\/#organization"},"potentialAction":[{"@type":"SearchAction","target":{"@type":"EntryPoint","urlTemplate":"https:\/\/3dtehas.ee\/?s={search_term_string}"},"query-input":{"@type":"PropertyValueSpecification","valueRequired":true,"valueName":"search_term_string"}}],"inLanguage":"et"},{"@type":"Organization","@id":"https:\/\/3dtehas.ee\/#organization","name":"3D Tehas","url":"https:\/\/3dtehas.ee\/","logo":{"@type":"ImageObject","inLanguage":"et","@id":"https:\/\/3dtehas.ee\/#\/schema\/logo\/image\/","url":"https:\/\/3dtehas.ee\/wp-content\/uploads\/2025\/01\/facebook-logo.jpg","contentUrl":"https:\/\/3dtehas.ee\/wp-content\/uploads\/2025\/01\/facebook-logo.jpg","width":219,"height":147,"caption":"3D Tehas"},"image":{"@id":"https:\/\/3dtehas.ee\/#\/schema\/logo\/image\/"},"sameAs":["https:\/\/www.facebook.com\/profile.php?id=61572487220835"]}]}},"_links":{"self":[{"href":"https:\/\/3dtehas.ee\/index.php?rest_route=\/wp\/v2\/product\/1469","targetHints":{"allow":["GET"]}}],"collection":[{"href":"https:\/\/3dtehas.ee\/index.php?rest_route=\/wp\/v2\/product"}],"about":[{"href":"https:\/\/3dtehas.ee\/index.php?rest_route=\/wp\/v2\/types\/product"}],"replies":[{"embeddable":true,"href":"https:\/\/3dtehas.ee\/index.php?rest_route=%2Fwp%2Fv2%2Fcomments&post=1469"}],"wp:featuredmedia":[{"embeddable":true,"href":"https:\/\/3dtehas.ee\/index.php?rest_route=\/wp\/v2\/media\/1472"}],"wp:attachment":[{"href":"https:\/\/3dtehas.ee\/index.php?rest_route=%2Fwp%2Fv2%2Fmedia&parent=1469"}],"wp:term":[{"taxonomy":"product_brand","embeddable":true,"href":"https:\/\/3dtehas.ee\/index.php?rest_route=%2Fwp%2Fv2%2Fproduct_brand&post=1469"},{"taxonomy":"product_cat","embeddable":true,"href":"https:\/\/3dtehas.ee\/index.php?rest_route=%2Fwp%2Fv2%2Fproduct_cat&post=1469"},{"taxonomy":"product_tag","embeddable":true,"href":"https:\/\/3dtehas.ee\/index.php?rest_route=%2Fwp%2Fv2%2Fproduct_tag&post=1469"}],"curies":[{"name":"wp","href":"https:\/\/api.w.org\/{rel}","templated":true}]}}