{"id":31,"date":"2025-01-02T13:51:17","date_gmt":"2025-01-02T13:51:17","guid":{"rendered":"https:\/\/3dtehas.ee\/about\/"},"modified":"2025-09-07T13:28:26","modified_gmt":"2025-09-07T11:28:26","slug":"about","status":"publish","type":"page","link":"https:\/\/3dtehas.ee\/?page_id=31","title":{"rendered":"Meist"},"content":{"rendered":"\t\t<div data-elementor-type=\"wp-page\" data-elementor-id=\"31\" class=\"elementor elementor-31\">\n\t\t\t\t<div class=\"elementor-element elementor-element-9010cd0 e-flex e-con-boxed e-con e-parent\" data-id=\"9010cd0\" data-element_type=\"container\" data-e-type=\"container\" data-settings=\"{&quot;background_background&quot;:&quot;classic&quot;}\">\n\t\t\t\t\t<div class=\"e-con-inner\">\n\t\t<div class=\"elementor-element elementor-element-5a69cc7 e-con-full e-flex e-con e-child\" data-id=\"5a69cc7\" data-element_type=\"container\" data-e-type=\"container\">\n\t\t\t\t<div class=\"elementor-element elementor-element-f184ec7 elementor-widget elementor-widget-heading\" data-id=\"f184ec7\" data-element_type=\"widget\" data-e-type=\"widget\" data-widget_type=\"heading.default\">\n\t\t\t\t<div class=\"elementor-widget-container\">\n\t\t\t\t\t<h1 class=\"elementor-heading-title elementor-size-default\">meist<\/h1>\t\t\t\t<\/div>\n\t\t\t\t<\/div>\n\t\t\t\t<\/div>\n\t\t\t\t\t<\/div>\n\t\t\t\t<\/div>\n\t\t<div class=\"elementor-element elementor-element-a529ccb e-flex e-con-boxed e-con e-parent\" data-id=\"a529ccb\" data-element_type=\"container\" data-e-type=\"container\">\n\t\t\t\t\t<div class=\"e-con-inner\">\n\t\t<div class=\"elementor-element elementor-element-83324c1 e-con-full e-flex e-con e-child\" data-id=\"83324c1\" data-element_type=\"container\" data-e-type=\"container\">\n\t\t\t\t<div class=\"elementor-element elementor-element-45f990c elementor-widget elementor-widget-heading\" data-id=\"45f990c\" data-element_type=\"widget\" data-e-type=\"widget\" data-widget_type=\"heading.default\">\n\t\t\t\t<div class=\"elementor-widget-container\">\n\t\t\t\t\t<h2 class=\"elementor-heading-title elementor-size-default\">3D tehas - Kus Kujutlus Kohtub Tegelikkusega<\/h2>\t\t\t\t<\/div>\n\t\t\t\t<\/div>\n\t\t\t\t<\/div>\n\t\t<div class=\"elementor-element elementor-element-c4f6020 e-con-full e-flex e-con e-child\" data-id=\"c4f6020\" data-element_type=\"container\" data-e-type=\"container\">\n\t\t\t\t<div class=\"elementor-element elementor-element-40a9718 elementor-widget elementor-widget-text-editor\" data-id=\"40a9718\" data-element_type=\"widget\" data-e-type=\"widget\" data-widget_type=\"text-editor.default\">\n\t\t\t\t<div class=\"elementor-widget-container\">\n\t\t\t\t\t\t\t\t\t<p>Minu nimi on Matis\u00a0 ja ma olen 3D tehas asutaja. Kui keegi oleks mulle kolm aastat tagasi \u00f6elnud, et ma hakkan tegelema 3D-printimisega, oleksin ilmselt muianud ja k\u00fcsinud: &#8220;Mis see veel on?&#8221; See, mis algas juhusliku huvi ja uudishimuga, on t\u00e4naseks saanud minu kireks ning \u00e4riks, mis aitab inimestel oma ideid reaalsuseks muuta.<\/p>\t\t\t\t\t\t\t\t<\/div>\n\t\t\t\t<\/div>\n\t\t\t\t<div class=\"elementor-element elementor-element-7f646ff elementor-widget elementor-widget-text-editor\" data-id=\"7f646ff\" data-element_type=\"widget\" data-e-type=\"widget\" data-widget_type=\"text-editor.default\">\n\t\t\t\t<div class=\"elementor-widget-container\">\n\t\t\t\t\t\t\t\t\t<p>K\u00f5ik algas \u00fchest juhuslikust vestlusest s\u00f5braga, kes n\u00e4itas mulle v\u00e4ikest, detailset mudelit, mille ta oli 3D-printeriga teinud. See hetk pani mind m\u00f5tlema \u2013 kui suur potentsiaal v\u00f5iks peituda sellises tehnoloogias? Olles alati armastanud inseneeriat ja k\u00e4elist loomet, otsustasin osta oma esimese 3D-printeri. Minu esimene projekt oli midagi lihtsat \u2013 asendasin katkise plastikdetaili vanal raadiol. Kuid sellest v\u00e4ikesest algusest sai alguse midagi palju suuremat.<\/p><p>T\u00e4na on 3D Tehas koht, kus loovus ja tehnoloogia kohtuvad. Meie ettev\u00f5te pakub lahendusi, mis ulatuvad protot\u00fc\u00fcpide valmistamisest keerukate mudelite ja kohandatud detailideni. Saame Sind aidata ka lihtsalt m\u00f5ne pisikese ent olulise detailiga. V\u00f5\u00f5raks ei j\u00e4\u00e4 ka 3D modelleerimine.\u00a0<\/p><p>Mis teeb meid eriliseks? Meie jaoks pole \u00fckski projekt liiga v\u00e4ike ega liiga keeruline. Iga klient saab personaalset l\u00e4henemist ja me armastame v\u00e4ljakutseid, mis panevad meie teadmised ja oskused proovile.\u00a0<\/p><p>3D Tehas &#8211;\u00a0 kui otsite partnerit, kes suudab tuua teie ideed ellu ja luua midagi t\u00f5eliselt ainulaadset, siis olete \u00f5iges kohas. V\u00f5tke meiega \u00fchendust, ja teeme koos midagi erakordset!<\/p>\t\t\t\t\t\t\t\t<\/div>\n\t\t\t\t<\/div>\n\t\t\t\t<div class=\"elementor-element elementor-element-5fe168e elementor-widget elementor-widget-heading\" data-id=\"5fe168e\" data-element_type=\"widget\" data-e-type=\"widget\" data-widget_type=\"heading.default\">\n\t\t\t\t<div class=\"elementor-widget-container\">\n\t\t\t\t\t<h3 class=\"elementor-heading-title elementor-size-medium\">Matis M. <\/h3>\t\t\t\t<\/div>\n\t\t\t\t<\/div>\n\t\t\t\t<\/div>\n\t\t\t\t\t<\/div>\n\t\t\t\t<\/div>\n\t\t\t\t<\/div>\n\t\t","protected":false},"excerpt":{"rendered":"<p>meist 3D tehas &#8211; Kus Kujutlus Kohtub Tegelikkusega Minu nimi on Matis\u00a0 ja ma olen 3D tehas asutaja. Kui keegi oleks mulle kolm aastat tagasi \u00f6elnud, et ma hakkan tegelema 3D-printimisega, oleksin ilmselt muianud ja k\u00fcsinud: &#8220;Mis see veel on?&#8221; See, mis algas juhusliku huvi ja uudishimuga, on t\u00e4naseks saanud minu kireks ning \u00e4riks, mis [&hellip;]<\/p>\n","protected":false},"author":1,"featured_media":0,"parent":0,"menu_order":0,"comment_status":"closed","ping_status":"closed","template":"","meta":{"site-sidebar-layout":"no-sidebar","site-content-layout":"page-builder","ast-site-content-layout":"full-width-container","site-content-style":"unboxed","site-sidebar-style":"unboxed","ast-global-header-display":"","ast-banner-title-visibility":"","ast-main-header-display":"","ast-hfb-above-header-display":"","ast-hfb-below-header-display":"","ast-hfb-mobile-header-display":"","site-post-title":"disabled","ast-breadcrumbs-content":"","ast-featured-img":"","footer-sml-layout":"","ast-disable-related-posts":"","theme-transparent-header-meta":"enabled","adv-header-id-meta":"","stick-header-meta":"","header-above-stick-meta":"","header-main-stick-meta":"","header-below-stick-meta":"","astra-migrate-meta-layouts":"set","ast-page-background-enabled":"default","ast-page-background-meta":{"desktop":{"background-color":"","background-image":"","background-repeat":"repeat","background-position":"center center","background-size":"auto","background-attachment":"scroll","background-type":"","background-media":"","overlay-type":"","overlay-color":"","overlay-opacity":"","overlay-gradient":""},"tablet":{"background-color":"","background-image":"","background-repeat":"repeat","background-position":"center center","background-size":"auto","background-attachment":"scroll","background-type":"","background-media":"","overlay-type":"","overlay-color":"","overlay-opacity":"","overlay-gradient":""},"mobile":{"background-color":"","background-image":"","background-repeat":"repeat","background-position":"center center","background-size":"auto","background-attachment":"scroll","background-type":"","background-media":"","overlay-type":"","overlay-color":"","overlay-opacity":"","overlay-gradient":""}},"ast-content-background-meta":{"desktop":{"background-color":"var(--ast-global-color-5)","background-image":"","background-repeat":"repeat","background-position":"center center","background-size":"auto","background-attachment":"scroll","background-type":"","background-media":"","overlay-type":"","overlay-color":"","overlay-opacity":"","overlay-gradient":""},"tablet":{"background-color":"var(--ast-global-color-5)","background-image":"","background-repeat":"repeat","background-position":"center center","background-size":"auto","background-attachment":"scroll","background-type":"","background-media":"","overlay-type":"","overlay-color":"","overlay-opacity":"","overlay-gradient":""},"mobile":{"background-color":"var(--ast-global-color-5)","background-image":"","background-repeat":"repeat","background-position":"center center","background-size":"auto","background-attachment":"scroll","background-type":"","background-media":"","overlay-type":"","overlay-color":"","overlay-opacity":"","overlay-gradient":""}},"footnotes":""},"class_list":["post-31","page","type-page","status-publish","hentry"],"yoast_head":"<!-- This site is optimized with the Yoast SEO plugin v27.3 - https:\/\/yoast.com\/product\/yoast-seo-wordpress\/ -->\n<title>Meist - 3D Tehas<\/title>\n<meta name=\"description\" content=\"3D tehas - Kus Kujutlus Kohtub Tegelikkusega!\" \/>\n<meta name=\"robots\" content=\"index, follow, max-snippet:-1, max-image-preview:large, max-video-preview:-1\" \/>\n<link rel=\"canonical\" href=\"https:\/\/3dtehas.ee\/?page_id=31\" \/>\n<meta property=\"og:locale\" content=\"et_EE\" \/>\n<meta property=\"og:type\" content=\"article\" \/>\n<meta property=\"og:title\" content=\"Meist - 3D Tehas\" \/>\n<meta property=\"og:description\" content=\"3D tehas - Kus Kujutlus Kohtub Tegelikkusega!\" \/>\n<meta property=\"og:url\" content=\"https:\/\/3dtehas.ee\/?page_id=31\" \/>\n<meta property=\"og:site_name\" content=\"3D Tehas\" \/>\n<meta property=\"article:publisher\" content=\"https:\/\/www.facebook.com\/profile.php?id=61572487220835\" \/>\n<meta property=\"article:modified_time\" content=\"2025-09-07T11:28:26+00:00\" \/>\n<meta name=\"twitter:card\" content=\"summary_large_image\" \/>\n<meta name=\"twitter:label1\" content=\"Est. reading time\" \/>\n\t<meta name=\"twitter:data1\" content=\"2 minutit\" \/>\n<script type=\"application\/ld+json\" class=\"yoast-schema-graph\">{\"@context\":\"https:\\\/\\\/schema.org\",\"@graph\":[{\"@type\":\"WebPage\",\"@id\":\"https:\\\/\\\/3dtehas.ee\\\/?page_id=31\",\"url\":\"https:\\\/\\\/3dtehas.ee\\\/?page_id=31\",\"name\":\"Meist - 3D Tehas\",\"isPartOf\":{\"@id\":\"https:\\\/\\\/3dtehas.ee\\\/#website\"},\"datePublished\":\"2025-01-02T13:51:17+00:00\",\"dateModified\":\"2025-09-07T11:28:26+00:00\",\"description\":\"3D tehas - Kus Kujutlus Kohtub Tegelikkusega!\",\"breadcrumb\":{\"@id\":\"https:\\\/\\\/3dtehas.ee\\\/?page_id=31#breadcrumb\"},\"inLanguage\":\"et\",\"potentialAction\":[{\"@type\":\"ReadAction\",\"target\":[\"https:\\\/\\\/3dtehas.ee\\\/?page_id=31\"]}]},{\"@type\":\"BreadcrumbList\",\"@id\":\"https:\\\/\\\/3dtehas.ee\\\/?page_id=31#breadcrumb\",\"itemListElement\":[{\"@type\":\"ListItem\",\"position\":1,\"name\":\"Home\",\"item\":\"https:\\\/\\\/3dtehas.ee\\\/\"},{\"@type\":\"ListItem\",\"position\":2,\"name\":\"Meist\"}]},{\"@type\":\"WebSite\",\"@id\":\"https:\\\/\\\/3dtehas.ee\\\/#website\",\"url\":\"https:\\\/\\\/3dtehas.ee\\\/\",\"name\":\"3D Tehas\",\"description\":\"3D printimine\",\"publisher\":{\"@id\":\"https:\\\/\\\/3dtehas.ee\\\/#organization\"},\"potentialAction\":[{\"@type\":\"SearchAction\",\"target\":{\"@type\":\"EntryPoint\",\"urlTemplate\":\"https:\\\/\\\/3dtehas.ee\\\/?s={search_term_string}\"},\"query-input\":{\"@type\":\"PropertyValueSpecification\",\"valueRequired\":true,\"valueName\":\"search_term_string\"}}],\"inLanguage\":\"et\"},{\"@type\":\"Organization\",\"@id\":\"https:\\\/\\\/3dtehas.ee\\\/#organization\",\"name\":\"3D Tehas\",\"url\":\"https:\\\/\\\/3dtehas.ee\\\/\",\"logo\":{\"@type\":\"ImageObject\",\"inLanguage\":\"et\",\"@id\":\"https:\\\/\\\/3dtehas.ee\\\/#\\\/schema\\\/logo\\\/image\\\/\",\"url\":\"https:\\\/\\\/3dtehas.ee\\\/wp-content\\\/uploads\\\/2025\\\/01\\\/facebook-logo.jpg\",\"contentUrl\":\"https:\\\/\\\/3dtehas.ee\\\/wp-content\\\/uploads\\\/2025\\\/01\\\/facebook-logo.jpg\",\"width\":219,\"height\":147,\"caption\":\"3D Tehas\"},\"image\":{\"@id\":\"https:\\\/\\\/3dtehas.ee\\\/#\\\/schema\\\/logo\\\/image\\\/\"},\"sameAs\":[\"https:\\\/\\\/www.facebook.com\\\/profile.php?id=61572487220835\"]}]}<\/script>\n<!-- \/ Yoast SEO plugin. -->","yoast_head_json":{"title":"Meist - 3D Tehas","description":"3D tehas - Kus Kujutlus Kohtub Tegelikkusega!","robots":{"index":"index","follow":"follow","max-snippet":"max-snippet:-1","max-image-preview":"max-image-preview:large","max-video-preview":"max-video-preview:-1"},"canonical":"https:\/\/3dtehas.ee\/?page_id=31","og_locale":"et_EE","og_type":"article","og_title":"Meist - 3D Tehas","og_description":"3D tehas - Kus Kujutlus Kohtub Tegelikkusega!","og_url":"https:\/\/3dtehas.ee\/?page_id=31","og_site_name":"3D Tehas","article_publisher":"https:\/\/www.facebook.com\/profile.php?id=61572487220835","article_modified_time":"2025-09-07T11:28:26+00:00","twitter_card":"summary_large_image","twitter_misc":{"Est. reading time":"2 minutit"},"schema":{"@context":"https:\/\/schema.org","@graph":[{"@type":"WebPage","@id":"https:\/\/3dtehas.ee\/?page_id=31","url":"https:\/\/3dtehas.ee\/?page_id=31","name":"Meist - 3D Tehas","isPartOf":{"@id":"https:\/\/3dtehas.ee\/#website"},"datePublished":"2025-01-02T13:51:17+00:00","dateModified":"2025-09-07T11:28:26+00:00","description":"3D tehas - Kus Kujutlus Kohtub Tegelikkusega!","breadcrumb":{"@id":"https:\/\/3dtehas.ee\/?page_id=31#breadcrumb"},"inLanguage":"et","potentialAction":[{"@type":"ReadAction","target":["https:\/\/3dtehas.ee\/?page_id=31"]}]},{"@type":"BreadcrumbList","@id":"https:\/\/3dtehas.ee\/?page_id=31#breadcrumb","itemListElement":[{"@type":"ListItem","position":1,"name":"Home","item":"https:\/\/3dtehas.ee\/"},{"@type":"ListItem","position":2,"name":"Meist"}]},{"@type":"WebSite","@id":"https:\/\/3dtehas.ee\/#website","url":"https:\/\/3dtehas.ee\/","name":"3D Tehas","description":"3D printimine","publisher":{"@id":"https:\/\/3dtehas.ee\/#organization"},"potentialAction":[{"@type":"SearchAction","target":{"@type":"EntryPoint","urlTemplate":"https:\/\/3dtehas.ee\/?s={search_term_string}"},"query-input":{"@type":"PropertyValueSpecification","valueRequired":true,"valueName":"search_term_string"}}],"inLanguage":"et"},{"@type":"Organization","@id":"https:\/\/3dtehas.ee\/#organization","name":"3D Tehas","url":"https:\/\/3dtehas.ee\/","logo":{"@type":"ImageObject","inLanguage":"et","@id":"https:\/\/3dtehas.ee\/#\/schema\/logo\/image\/","url":"https:\/\/3dtehas.ee\/wp-content\/uploads\/2025\/01\/facebook-logo.jpg","contentUrl":"https:\/\/3dtehas.ee\/wp-content\/uploads\/2025\/01\/facebook-logo.jpg","width":219,"height":147,"caption":"3D Tehas"},"image":{"@id":"https:\/\/3dtehas.ee\/#\/schema\/logo\/image\/"},"sameAs":["https:\/\/www.facebook.com\/profile.php?id=61572487220835"]}]}},"_links":{"self":[{"href":"https:\/\/3dtehas.ee\/index.php?rest_route=\/wp\/v2\/pages\/31","targetHints":{"allow":["GET"]}}],"collection":[{"href":"https:\/\/3dtehas.ee\/index.php?rest_route=\/wp\/v2\/pages"}],"about":[{"href":"https:\/\/3dtehas.ee\/index.php?rest_route=\/wp\/v2\/types\/page"}],"author":[{"embeddable":true,"href":"https:\/\/3dtehas.ee\/index.php?rest_route=\/wp\/v2\/users\/1"}],"replies":[{"embeddable":true,"href":"https:\/\/3dtehas.ee\/index.php?rest_route=%2Fwp%2Fv2%2Fcomments&post=31"}],"version-history":[{"count":5,"href":"https:\/\/3dtehas.ee\/index.php?rest_route=\/wp\/v2\/pages\/31\/revisions"}],"predecessor-version":[{"id":1276,"href":"https:\/\/3dtehas.ee\/index.php?rest_route=\/wp\/v2\/pages\/31\/revisions\/1276"}],"wp:attachment":[{"href":"https:\/\/3dtehas.ee\/index.php?rest_route=%2Fwp%2Fv2%2Fmedia&parent=31"}],"curies":[{"name":"wp","href":"https:\/\/api.w.org\/{rel}","templated":true}]}}