{"id":30,"date":"2025-01-02T13:51:17","date_gmt":"2025-01-02T13:51:17","guid":{"rendered":"https:\/\/3dtehas.ee\/home\/"},"modified":"2025-10-26T12:04:43","modified_gmt":"2025-10-26T10:04:43","slug":"3d-printimine-3d-printimine-eestis-mudelid","status":"publish","type":"page","link":"https:\/\/3dtehas.ee\/","title":{"rendered":"Avaleht"},"content":{"rendered":"\t\t<div data-elementor-type=\"wp-page\" data-elementor-id=\"30\" class=\"elementor elementor-30\">\n\t\t\t\t<div class=\"elementor-element elementor-element-93a966b e-flex e-con-boxed e-con e-parent\" data-id=\"93a966b\" data-element_type=\"container\" data-e-type=\"container\" data-settings=\"{&quot;background_background&quot;:&quot;classic&quot;}\">\n\t\t\t\t\t<div class=\"e-con-inner\">\n\t\t<div class=\"elementor-element elementor-element-018abcf e-con-full e-flex e-con e-child\" data-id=\"018abcf\" data-element_type=\"container\" data-e-type=\"container\">\n\t\t\t\t<div class=\"elementor-element elementor-element-e3cf46e elementor-widget__width-initial elementor-widget-mobile__width-initial elementor-widget elementor-widget-heading\" data-id=\"e3cf46e\" data-element_type=\"widget\" data-e-type=\"widget\" data-widget_type=\"heading.default\">\n\t\t\t\t<div class=\"elementor-widget-container\">\n\t\t\t\t\t<h2 class=\"elementor-heading-title elementor-size-default\">3d tehas<\/h2>\t\t\t\t<\/div>\n\t\t\t\t<\/div>\n\t\t\t\t<div class=\"elementor-element elementor-element-7c5ac53 elementor-widget elementor-widget-image-box\" data-id=\"7c5ac53\" data-element_type=\"widget\" data-e-type=\"widget\" data-widget_type=\"image-box.default\">\n\t\t\t\t<div class=\"elementor-widget-container\">\n\t\t\t\t\t<div class=\"elementor-image-box-wrapper\"><div class=\"elementor-image-box-content\"><h1 class=\"elementor-image-box-title\">lahendused l\u00e4bi 3d printimise<\/h1><p class=\"elementor-image-box-description\">3D printimine on protsess, kus digitaalne mudel muudetakse f\u00fc\u00fcsiliseks objektiks, lisades materjali kihiti vastavalt arvutiprogrammile. Seda kasutatakse laialdaselt protot\u00fc\u00fcpide valmistamiseks, kohandatud toodete loomiseks ja keerukate struktuuride valmistamiseks erinevates t\u00f6\u00f6stusharudes. <br>Printimine \u00fcle Eesti!<\/p><\/div><\/div>\t\t\t\t<\/div>\n\t\t\t\t<\/div>\n\t\t<div class=\"elementor-element elementor-element-4b31cda e-con-full e-flex e-con e-child\" data-id=\"4b31cda\" data-element_type=\"container\" data-e-type=\"container\">\n\t\t<div class=\"elementor-element elementor-element-ff6a699 e-con-full e-flex e-con e-child\" data-id=\"ff6a699\" data-element_type=\"container\" data-e-type=\"container\">\n\t\t\t\t<div class=\"elementor-element elementor-element-d5b442c elementor-align-center elementor-mobile-align-center elementor-widget elementor-widget-button\" data-id=\"d5b442c\" data-element_type=\"widget\" data-e-type=\"widget\" data-widget_type=\"button.default\">\n\t\t\t\t<div class=\"elementor-widget-container\">\n\t\t\t\t\t\t\t\t\t<div class=\"elementor-button-wrapper\">\n\t\t\t\t\t<a class=\"elementor-button elementor-button-link elementor-size-lg\" href=\"https:\/\/3dtehas.ee\/services\/\">\n\t\t\t\t\t\t<span class=\"elementor-button-content-wrapper\">\n\t\t\t\t\t\t\t\t\t<span class=\"elementor-button-text\">Teenused<\/span>\n\t\t\t\t\t<\/span>\n\t\t\t\t\t<\/a>\n\t\t\t\t<\/div>\n\t\t\t\t\t\t\t\t<\/div>\n\t\t\t\t<\/div>\n\t\t\t\t<\/div>\n\t\t<div class=\"elementor-element elementor-element-1287f27 e-con-full e-flex e-con e-child\" data-id=\"1287f27\" data-element_type=\"container\" data-e-type=\"container\">\n\t\t\t\t<div class=\"elementor-element elementor-element-fb6dd67 elementor-align-center elementor-mobile-align-center elementor-widget elementor-widget-button\" data-id=\"fb6dd67\" data-element_type=\"widget\" data-e-type=\"widget\" data-widget_type=\"button.default\">\n\t\t\t\t<div class=\"elementor-widget-container\">\n\t\t\t\t\t\t\t\t\t<div class=\"elementor-button-wrapper\">\n\t\t\t\t\t<a class=\"elementor-button elementor-button-link elementor-size-lg\" href=\"https:\/\/3dtehas.ee\/about\/\">\n\t\t\t\t\t\t<span class=\"elementor-button-content-wrapper\">\n\t\t\t\t\t\t\t\t\t<span class=\"elementor-button-text\">meist<\/span>\n\t\t\t\t\t<\/span>\n\t\t\t\t\t<\/a>\n\t\t\t\t<\/div>\n\t\t\t\t\t\t\t\t<\/div>\n\t\t\t\t<\/div>\n\t\t\t\t<\/div>\n\t\t\t\t<\/div>\n\t\t\t\t<\/div>\n\t\t\t\t\t<\/div>\n\t\t\t\t<\/div>\n\t\t<div class=\"elementor-element elementor-element-7ce0046 e-flex e-con-boxed e-con e-parent\" data-id=\"7ce0046\" data-element_type=\"container\" data-e-type=\"container\">\n\t\t\t\t\t<div class=\"e-con-inner\">\n\t\t<div class=\"elementor-element elementor-element-6eaedaf e-con-full e-flex e-con e-child\" data-id=\"6eaedaf\" data-element_type=\"container\" data-e-type=\"container\" data-settings=\"{&quot;background_background&quot;:&quot;classic&quot;}\">\n\t\t\t\t<div class=\"elementor-element elementor-element-9160df0 elementor-widget elementor-widget-heading\" data-id=\"9160df0\" data-element_type=\"widget\" data-e-type=\"widget\" data-widget_type=\"heading.default\">\n\t\t\t\t<div class=\"elementor-widget-container\">\n\t\t\t\t\t<h2 class=\"elementor-heading-title elementor-size-default\"><a href=\"\/services\/#service-1\">3d printimine- v\u00e4ikestest vidinatest funktsionaalsete osadeni<\/a><\/h2>\t\t\t\t<\/div>\n\t\t\t\t<\/div>\n\t\t\t\t<\/div>\n\t\t<div class=\"elementor-element elementor-element-0a492be e-con-full e-flex e-con e-child\" data-id=\"0a492be\" data-element_type=\"container\" data-e-type=\"container\" data-settings=\"{&quot;background_background&quot;:&quot;classic&quot;}\">\n\t\t\t\t<div class=\"elementor-element elementor-element-4613dbb elementor-widget__width-initial e-transform elementor-widget-mobile__width-initial elementor-widget elementor-widget-heading\" data-id=\"4613dbb\" data-element_type=\"widget\" data-e-type=\"widget\" data-settings=\"{&quot;_transform_scaleX_effect&quot;:{&quot;unit&quot;:&quot;px&quot;,&quot;size&quot;:&quot;&quot;,&quot;sizes&quot;:[]},&quot;_transform_scaleX_effect_tablet&quot;:{&quot;unit&quot;:&quot;px&quot;,&quot;size&quot;:&quot;&quot;,&quot;sizes&quot;:[]},&quot;_transform_scaleX_effect_mobile&quot;:{&quot;unit&quot;:&quot;px&quot;,&quot;size&quot;:&quot;&quot;,&quot;sizes&quot;:[]},&quot;_transform_scaleY_effect&quot;:{&quot;unit&quot;:&quot;px&quot;,&quot;size&quot;:&quot;&quot;,&quot;sizes&quot;:[]},&quot;_transform_scaleY_effect_tablet&quot;:{&quot;unit&quot;:&quot;px&quot;,&quot;size&quot;:&quot;&quot;,&quot;sizes&quot;:[]},&quot;_transform_scaleY_effect_mobile&quot;:{&quot;unit&quot;:&quot;px&quot;,&quot;size&quot;:&quot;&quot;,&quot;sizes&quot;:[]}}\" data-widget_type=\"heading.default\">\n\t\t\t\t<div class=\"elementor-widget-container\">\n\t\t\t\t\t<h2 class=\"elementor-heading-title elementor-size-default\"><a href=\"\/services\/#service-2\">plastide taasloomine- spetsiifilise kujuga  plastide p\u00f6\u00f6rd-projekteerimine <\/a><\/h2>\t\t\t\t<\/div>\n\t\t\t\t<\/div>\n\t\t\t\t<\/div>\n\t\t<div class=\"elementor-element elementor-element-bd9d8f3 e-con-full e-flex e-con e-child\" data-id=\"bd9d8f3\" data-element_type=\"container\" data-e-type=\"container\" data-settings=\"{&quot;background_background&quot;:&quot;classic&quot;}\">\n\t\t\t\t<div class=\"elementor-element elementor-element-fd60125 elementor-widget elementor-widget-heading\" data-id=\"fd60125\" data-element_type=\"widget\" data-e-type=\"widget\" data-widget_type=\"heading.default\">\n\t\t\t\t<div class=\"elementor-widget-container\">\n\t\t\t\t\t<h2 class=\"elementor-heading-title elementor-size-default\"><a href=\"\/services\/#service-3\">eritellimused\n-Saada Meile oma visand- loome sellest 3D mudeli ja vajadusel prindime v\u00e4lja<\/a><\/h2>\t\t\t\t<\/div>\n\t\t\t\t<\/div>\n\t\t\t\t<\/div>\n\t\t\t\t\t<\/div>\n\t\t\t\t<\/div>\n\t\t<div class=\"elementor-element elementor-element-adf2e66 e-flex e-con-boxed e-con e-parent\" data-id=\"adf2e66\" data-element_type=\"container\" data-e-type=\"container\">\n\t\t\t\t\t<div class=\"e-con-inner\">\n\t\t<div class=\"elementor-element elementor-element-1484cea e-con-full e-flex e-con e-child\" data-id=\"1484cea\" data-element_type=\"container\" data-e-type=\"container\">\n\t\t\t\t<div class=\"elementor-element elementor-element-dfaa4ac elementor-widget elementor-widget-heading\" data-id=\"dfaa4ac\" data-element_type=\"widget\" data-e-type=\"widget\" data-widget_type=\"heading.default\">\n\t\t\t\t<div class=\"elementor-widget-container\">\n\t\t\t\t\t<h2 class=\"elementor-heading-title elementor-size-default\">3D-printimine on ideaalne mitmesuguste valdkondade ja eesm\u00e4rkide jaoks, kuna see v\u00f5imaldab luua unikaalseid, t\u00e4pselt kohandatud ja sageli kuluefektiivseid lahendusi. <\/h2>\t\t\t\t<\/div>\n\t\t\t\t<\/div>\n\t\t\t\t<\/div>\n\t\t<div class=\"elementor-element elementor-element-9e967ca e-con-full e-flex e-con e-child\" data-id=\"9e967ca\" data-element_type=\"container\" data-e-type=\"container\">\n\t\t\t\t<div class=\"elementor-element elementor-element-77398d6 elementor-tablet-align-center elementor-align-center elementor-widget elementor-widget-button\" data-id=\"77398d6\" data-element_type=\"widget\" data-e-type=\"widget\" data-widget_type=\"button.default\">\n\t\t\t\t<div class=\"elementor-widget-container\">\n\t\t\t\t\t\t\t\t\t<div class=\"elementor-button-wrapper\">\n\t\t\t\t\t<a class=\"elementor-button elementor-button-link elementor-size-sm\" href=\"https:\/\/3dtehas.ee\/tehtudtood\/\">\n\t\t\t\t\t\t<span class=\"elementor-button-content-wrapper\">\n\t\t\t\t\t\t\t\t\t<span class=\"elementor-button-text\">TEHTUD T\u00d6\u00d6D<\/span>\n\t\t\t\t\t<\/span>\n\t\t\t\t\t<\/a>\n\t\t\t\t<\/div>\n\t\t\t\t\t\t\t\t<\/div>\n\t\t\t\t<\/div>\n\t\t\t\t<\/div>\n\t\t\t\t\t<\/div>\n\t\t\t\t<\/div>\n\t\t<div class=\"elementor-element elementor-element-d970c71 e-flex e-con-boxed e-con e-parent\" data-id=\"d970c71\" data-element_type=\"container\" data-e-type=\"container\" data-settings=\"{&quot;background_background&quot;:&quot;classic&quot;}\">\n\t\t\t\t\t<div class=\"e-con-inner\">\n\t\t<div class=\"elementor-element elementor-element-a5be9c4 e-con-full e-flex e-con e-child\" data-id=\"a5be9c4\" data-element_type=\"container\" data-e-type=\"container\">\n\t\t\t\t<div class=\"elementor-element elementor-element-0bcd6d3 elementor-widget elementor-widget-image-box\" data-id=\"0bcd6d3\" data-element_type=\"widget\" data-e-type=\"widget\" data-widget_type=\"image-box.default\">\n\t\t\t\t<div class=\"elementor-widget-container\">\n\t\t\t\t\t<div class=\"elementor-image-box-wrapper\"><div class=\"elementor-image-box-content\"><h2 class=\"elementor-image-box-title\">V\u00f5ta \u00fchendust<\/h2><p class=\"elementor-image-box-description\">Arutame l\u00e4bi Sinu projekti ja pakume omapoolsed lahendused! Kiire tarne \u00fcle kogu Eesti!<\/p><\/div><\/div>\t\t\t\t<\/div>\n\t\t\t\t<\/div>\n\t\t\t\t<div class=\"elementor-element elementor-element-7698d76 elementor-align-center elementor-widget elementor-widget-button\" data-id=\"7698d76\" data-element_type=\"widget\" data-e-type=\"widget\" data-widget_type=\"button.default\">\n\t\t\t\t<div class=\"elementor-widget-container\">\n\t\t\t\t\t\t\t\t\t<div class=\"elementor-button-wrapper\">\n\t\t\t\t\t<a class=\"elementor-button elementor-button-link elementor-size-lg\" href=\"https:\/\/3dtehas.ee\/contact\/\">\n\t\t\t\t\t\t<span class=\"elementor-button-content-wrapper\">\n\t\t\t\t\t\t\t\t\t<span class=\"elementor-button-text\">Kontakt<\/span>\n\t\t\t\t\t<\/span>\n\t\t\t\t\t<\/a>\n\t\t\t\t<\/div>\n\t\t\t\t\t\t\t\t<\/div>\n\t\t\t\t<\/div>\n\t\t\t\t<\/div>\n\t\t\t\t\t<\/div>\n\t\t\t\t<\/div>\n\t\t\t\t<\/div>\n\t\t","protected":false},"excerpt":{"rendered":"<p>3d tehas lahendused l\u00e4bi 3d printimise 3D printimine on protsess, kus digitaalne mudel muudetakse f\u00fc\u00fcsiliseks objektiks, lisades materjali kihiti vastavalt arvutiprogrammile. Seda kasutatakse laialdaselt protot\u00fc\u00fcpide valmistamiseks, kohandatud toodete loomiseks ja keerukate struktuuride valmistamiseks erinevates t\u00f6\u00f6stusharudes. Printimine \u00fcle Eesti! Teenused meist 3d printimine- v\u00e4ikestest vidinatest funktsionaalsete osadeni plastide taasloomine- spetsiifilise kujuga plastide p\u00f6\u00f6rd-projekteerimine eritellimused -Saada Meile [&hellip;]<\/p>\n","protected":false},"author":1,"featured_media":0,"parent":0,"menu_order":0,"comment_status":"closed","ping_status":"closed","template":"","meta":{"site-sidebar-layout":"no-sidebar","site-content-layout":"page-builder","ast-site-content-layout":"full-width-container","site-content-style":"unboxed","site-sidebar-style":"unboxed","ast-global-header-display":"","ast-banner-title-visibility":"","ast-main-header-display":"","ast-hfb-above-header-display":"","ast-hfb-below-header-display":"","ast-hfb-mobile-header-display":"","site-post-title":"disabled","ast-breadcrumbs-content":"","ast-featured-img":"","footer-sml-layout":"","ast-disable-related-posts":"","theme-transparent-header-meta":"enabled","adv-header-id-meta":"","stick-header-meta":"","header-above-stick-meta":"","header-main-stick-meta":"","header-below-stick-meta":"","astra-migrate-meta-layouts":"set","ast-page-background-enabled":"default","ast-page-background-meta":{"desktop":{"background-color":"","background-image":"","background-repeat":"repeat","background-position":"center center","background-size":"auto","background-attachment":"scroll","background-type":"","background-media":"","overlay-type":"","overlay-color":"","overlay-opacity":"","overlay-gradient":""},"tablet":{"background-color":"","background-image":"","background-repeat":"repeat","background-position":"center center","background-size":"auto","background-attachment":"scroll","background-type":"","background-media":"","overlay-type":"","overlay-color":"","overlay-opacity":"","overlay-gradient":""},"mobile":{"background-color":"","background-image":"","background-repeat":"repeat","background-position":"center center","background-size":"auto","background-attachment":"scroll","background-type":"","background-media":"","overlay-type":"","overlay-color":"","overlay-opacity":"","overlay-gradient":""}},"ast-content-background-meta":{"desktop":{"background-color":"var(--ast-global-color-5)","background-image":"","background-repeat":"repeat","background-position":"center center","background-size":"auto","background-attachment":"scroll","background-type":"","background-media":"","overlay-type":"","overlay-color":"","overlay-opacity":"","overlay-gradient":""},"tablet":{"background-color":"var(--ast-global-color-5)","background-image":"","background-repeat":"repeat","background-position":"center center","background-size":"auto","background-attachment":"scroll","background-type":"","background-media":"","overlay-type":"","overlay-color":"","overlay-opacity":"","overlay-gradient":""},"mobile":{"background-color":"var(--ast-global-color-5)","background-image":"","background-repeat":"repeat","background-position":"center center","background-size":"auto","background-attachment":"scroll","background-type":"","background-media":"","overlay-type":"","overlay-color":"","overlay-opacity":"","overlay-gradient":""}},"footnotes":""},"class_list":["post-30","page","type-page","status-publish","hentry"],"yoast_head":"<!-- This site is optimized with the Yoast SEO plugin v27.3 - https:\/\/yoast.com\/product\/yoast-seo-wordpress\/ -->\n<title>3D printimine \u00fcle Eesti - 3D Tehas - 3D Modelleerimine - 3D Mudel<\/title>\n<meta name=\"description\" content=\"3D printimine \u00fcle Eesti: muuda digitaalne mudel f\u00fc\u00fcsiliseks objektiks. Arutame l\u00e4bi Sinu projekti ja pakume omapoolsed lahendused!\" \/>\n<meta name=\"robots\" content=\"index, follow, max-snippet:-1, max-image-preview:large, max-video-preview:-1\" \/>\n<link rel=\"canonical\" href=\"https:\/\/3dtehas.ee\/\" \/>\n<meta property=\"og:locale\" content=\"et_EE\" \/>\n<meta property=\"og:type\" content=\"article\" \/>\n<meta property=\"og:title\" content=\"3D printimine \u00fcle Eesti - 3D Tehas - 3D Modelleerimine - 3D Mudel\" \/>\n<meta property=\"og:description\" content=\"3D printimine \u00fcle Eesti: muuda digitaalne mudel f\u00fc\u00fcsiliseks objektiks. Arutame l\u00e4bi Sinu projekti ja pakume omapoolsed lahendused!\" \/>\n<meta property=\"og:url\" content=\"https:\/\/3dtehas.ee\/\" \/>\n<meta property=\"og:site_name\" content=\"3D Tehas\" \/>\n<meta property=\"article:publisher\" content=\"https:\/\/www.facebook.com\/profile.php?id=61572487220835\" \/>\n<meta property=\"article:modified_time\" content=\"2025-10-26T10:04:43+00:00\" \/>\n<meta name=\"twitter:card\" content=\"summary_large_image\" \/>\n<meta name=\"twitter:label1\" content=\"Est. reading time\" \/>\n\t<meta name=\"twitter:data1\" content=\"1 minut\" \/>\n<script type=\"application\/ld+json\" class=\"yoast-schema-graph\">{\"@context\":\"https:\\\/\\\/schema.org\",\"@graph\":[{\"@type\":\"WebPage\",\"@id\":\"https:\\\/\\\/3dtehas.ee\\\/\",\"url\":\"https:\\\/\\\/3dtehas.ee\\\/\",\"name\":\"3D printimine \u00fcle Eesti - 3D Tehas - 3D Modelleerimine - 3D Mudel\",\"isPartOf\":{\"@id\":\"https:\\\/\\\/3dtehas.ee\\\/#website\"},\"datePublished\":\"2025-01-02T13:51:17+00:00\",\"dateModified\":\"2025-10-26T10:04:43+00:00\",\"description\":\"3D printimine \u00fcle Eesti: muuda digitaalne mudel f\u00fc\u00fcsiliseks objektiks. Arutame l\u00e4bi Sinu projekti ja pakume omapoolsed lahendused!\",\"breadcrumb\":{\"@id\":\"https:\\\/\\\/3dtehas.ee\\\/#breadcrumb\"},\"inLanguage\":\"et\",\"potentialAction\":[{\"@type\":\"ReadAction\",\"target\":[\"https:\\\/\\\/3dtehas.ee\\\/\"]}]},{\"@type\":\"BreadcrumbList\",\"@id\":\"https:\\\/\\\/3dtehas.ee\\\/#breadcrumb\",\"itemListElement\":[{\"@type\":\"ListItem\",\"position\":1,\"name\":\"Home\",\"item\":\"https:\\\/\\\/3dtehas.ee\\\/\"},{\"@type\":\"ListItem\",\"position\":2,\"name\":\"Avaleht\"}]},{\"@type\":\"WebSite\",\"@id\":\"https:\\\/\\\/3dtehas.ee\\\/#website\",\"url\":\"https:\\\/\\\/3dtehas.ee\\\/\",\"name\":\"3D Tehas\",\"description\":\"3D printimine\",\"publisher\":{\"@id\":\"https:\\\/\\\/3dtehas.ee\\\/#organization\"},\"potentialAction\":[{\"@type\":\"SearchAction\",\"target\":{\"@type\":\"EntryPoint\",\"urlTemplate\":\"https:\\\/\\\/3dtehas.ee\\\/?s={search_term_string}\"},\"query-input\":{\"@type\":\"PropertyValueSpecification\",\"valueRequired\":true,\"valueName\":\"search_term_string\"}}],\"inLanguage\":\"et\"},{\"@type\":\"Organization\",\"@id\":\"https:\\\/\\\/3dtehas.ee\\\/#organization\",\"name\":\"3D Tehas\",\"url\":\"https:\\\/\\\/3dtehas.ee\\\/\",\"logo\":{\"@type\":\"ImageObject\",\"inLanguage\":\"et\",\"@id\":\"https:\\\/\\\/3dtehas.ee\\\/#\\\/schema\\\/logo\\\/image\\\/\",\"url\":\"https:\\\/\\\/3dtehas.ee\\\/wp-content\\\/uploads\\\/2025\\\/01\\\/facebook-logo.jpg\",\"contentUrl\":\"https:\\\/\\\/3dtehas.ee\\\/wp-content\\\/uploads\\\/2025\\\/01\\\/facebook-logo.jpg\",\"width\":219,\"height\":147,\"caption\":\"3D Tehas\"},\"image\":{\"@id\":\"https:\\\/\\\/3dtehas.ee\\\/#\\\/schema\\\/logo\\\/image\\\/\"},\"sameAs\":[\"https:\\\/\\\/www.facebook.com\\\/profile.php?id=61572487220835\"]}]}<\/script>\n<!-- \/ Yoast SEO plugin. -->","yoast_head_json":{"title":"3D printimine \u00fcle Eesti - 3D Tehas - 3D Modelleerimine - 3D Mudel","description":"3D printimine \u00fcle Eesti: muuda digitaalne mudel f\u00fc\u00fcsiliseks objektiks. Arutame l\u00e4bi Sinu projekti ja pakume omapoolsed lahendused!","robots":{"index":"index","follow":"follow","max-snippet":"max-snippet:-1","max-image-preview":"max-image-preview:large","max-video-preview":"max-video-preview:-1"},"canonical":"https:\/\/3dtehas.ee\/","og_locale":"et_EE","og_type":"article","og_title":"3D printimine \u00fcle Eesti - 3D Tehas - 3D Modelleerimine - 3D Mudel","og_description":"3D printimine \u00fcle Eesti: muuda digitaalne mudel f\u00fc\u00fcsiliseks objektiks. Arutame l\u00e4bi Sinu projekti ja pakume omapoolsed lahendused!","og_url":"https:\/\/3dtehas.ee\/","og_site_name":"3D Tehas","article_publisher":"https:\/\/www.facebook.com\/profile.php?id=61572487220835","article_modified_time":"2025-10-26T10:04:43+00:00","twitter_card":"summary_large_image","twitter_misc":{"Est. reading time":"1 minut"},"schema":{"@context":"https:\/\/schema.org","@graph":[{"@type":"WebPage","@id":"https:\/\/3dtehas.ee\/","url":"https:\/\/3dtehas.ee\/","name":"3D printimine \u00fcle Eesti - 3D Tehas - 3D Modelleerimine - 3D Mudel","isPartOf":{"@id":"https:\/\/3dtehas.ee\/#website"},"datePublished":"2025-01-02T13:51:17+00:00","dateModified":"2025-10-26T10:04:43+00:00","description":"3D printimine \u00fcle Eesti: muuda digitaalne mudel f\u00fc\u00fcsiliseks objektiks. Arutame l\u00e4bi Sinu projekti ja pakume omapoolsed lahendused!","breadcrumb":{"@id":"https:\/\/3dtehas.ee\/#breadcrumb"},"inLanguage":"et","potentialAction":[{"@type":"ReadAction","target":["https:\/\/3dtehas.ee\/"]}]},{"@type":"BreadcrumbList","@id":"https:\/\/3dtehas.ee\/#breadcrumb","itemListElement":[{"@type":"ListItem","position":1,"name":"Home","item":"https:\/\/3dtehas.ee\/"},{"@type":"ListItem","position":2,"name":"Avaleht"}]},{"@type":"WebSite","@id":"https:\/\/3dtehas.ee\/#website","url":"https:\/\/3dtehas.ee\/","name":"3D Tehas","description":"3D printimine","publisher":{"@id":"https:\/\/3dtehas.ee\/#organization"},"potentialAction":[{"@type":"SearchAction","target":{"@type":"EntryPoint","urlTemplate":"https:\/\/3dtehas.ee\/?s={search_term_string}"},"query-input":{"@type":"PropertyValueSpecification","valueRequired":true,"valueName":"search_term_string"}}],"inLanguage":"et"},{"@type":"Organization","@id":"https:\/\/3dtehas.ee\/#organization","name":"3D Tehas","url":"https:\/\/3dtehas.ee\/","logo":{"@type":"ImageObject","inLanguage":"et","@id":"https:\/\/3dtehas.ee\/#\/schema\/logo\/image\/","url":"https:\/\/3dtehas.ee\/wp-content\/uploads\/2025\/01\/facebook-logo.jpg","contentUrl":"https:\/\/3dtehas.ee\/wp-content\/uploads\/2025\/01\/facebook-logo.jpg","width":219,"height":147,"caption":"3D Tehas"},"image":{"@id":"https:\/\/3dtehas.ee\/#\/schema\/logo\/image\/"},"sameAs":["https:\/\/www.facebook.com\/profile.php?id=61572487220835"]}]}},"_links":{"self":[{"href":"https:\/\/3dtehas.ee\/index.php?rest_route=\/wp\/v2\/pages\/30","targetHints":{"allow":["GET"]}}],"collection":[{"href":"https:\/\/3dtehas.ee\/index.php?rest_route=\/wp\/v2\/pages"}],"about":[{"href":"https:\/\/3dtehas.ee\/index.php?rest_route=\/wp\/v2\/types\/page"}],"author":[{"embeddable":true,"href":"https:\/\/3dtehas.ee\/index.php?rest_route=\/wp\/v2\/users\/1"}],"replies":[{"embeddable":true,"href":"https:\/\/3dtehas.ee\/index.php?rest_route=%2Fwp%2Fv2%2Fcomments&post=30"}],"version-history":[{"count":5,"href":"https:\/\/3dtehas.ee\/index.php?rest_route=\/wp\/v2\/pages\/30\/revisions"}],"predecessor-version":[{"id":1361,"href":"https:\/\/3dtehas.ee\/index.php?rest_route=\/wp\/v2\/pages\/30\/revisions\/1361"}],"wp:attachment":[{"href":"https:\/\/3dtehas.ee\/index.php?rest_route=%2Fwp%2Fv2%2Fmedia&parent=30"}],"curies":[{"name":"wp","href":"https:\/\/api.w.org\/{rel}","templated":true}]}}